{"id":849,"date":"2017-05-24T17:32:46","date_gmt":"2017-05-24T16:32:46","guid":{"rendered":"http:\/\/www.interxarxes.com\/?page_id=849"},"modified":"2018-04-12T15:38:05","modified_gmt":"2018-04-12T14:38:05","slug":"avis-legal","status":"publish","type":"page","link":"http:\/\/www.interxarxes.com\/index.php\/avis-legal\/","title":{"rendered":"Av\u00eds legal"},"content":{"rendered":"<h2>Av\u00eds legal<\/h2>\n<p>&nbsp;<\/p>\n<p><span style=\"font-weight: 400;\">Aquesta pol\u00edtica de privacitat estableix com Interxarxes utilitza i protegeix qualsevol informaci\u00f3 que vost\u00e8 d\u00f3na a Interxarxes quan s&#8217;utilitza aquesta web. Interxarxes es compromet a garantir que la seva privacitat est\u00e0 protegida. En utilitzar aquest lloc web, si demanem que ens proporcioni qualsevol informaci\u00f3 per la qual vost\u00e8 pot ser identificat li garantim que nom\u00e9s s&#8217;utilitzar\u00e0 d&#8217;acord amb aquesta declaraci\u00f3 de privacitat. Interxarxes pot canviar aquesta pol\u00edtica en actualitzar aquesta p\u00e0gina. <\/span><\/p>\n<p>&nbsp;<\/p>\n<p><span style=\"font-weight: 400;\">Podem recopilar la informaci\u00f3 seg\u00fcent: <\/span><\/p>\n<ul>\n<li style=\"font-weight: 400;\"><span style=\"font-weight: 400;\">nom <\/span><\/li>\n<li style=\"font-weight: 400;\"><span style=\"font-weight: 400;\">informaci\u00f3 de contacte, inclosa l&#8217;adre\u00e7a de correu electr\u00f2nic. <\/span><\/li>\n<li style=\"font-weight: 400;\"><span style=\"font-weight: 400;\">informaci\u00f3 demogr\u00e0fica, com a pa\u00eds de resid\u00e8ncia. <\/span><\/li>\n<li style=\"font-weight: 400;\"><span style=\"font-weight: 400;\">altra informaci\u00f3 rellevant per a les consultes a trav\u00e9s de les p\u00e0gines de &#8220;Contacte&#8221; i &#8220;Treballa amb nosaltres&#8221;, per exemple. <\/span><\/li>\n<\/ul>\n<p>&nbsp;<\/p>\n<p><b>El que fem amb la informaci\u00f3 que recopilem<\/b><\/p>\n<p>&nbsp;<\/p>\n<p><span style=\"font-weight: 400;\">Necessitem aquesta informaci\u00f3 per entendre les seves necessitats i oferir-li un millor servei, i en particular per les seg\u00fcents raons: <\/span><\/p>\n<ul>\n<li style=\"font-weight: 400;\"><span style=\"font-weight: 400;\">Manteniment de registres interns. <\/span><\/li>\n<li style=\"font-weight: 400;\"><span style=\"font-weight: 400;\">Podem utilitzar la informaci\u00f3 per millorar els nostres productes i serveis.<\/span><\/li>\n<li style=\"font-weight: 400;\"><span style=\"font-weight: 400;\">Podem enviar peri\u00f2dicament correus electr\u00f2nics sobre nous serveis, projectes o altra informaci\u00f3 que pensem que pot resultar interessant a l&#8217;adre\u00e7a de correu electr\u00f2nic que vost\u00e8 ha proporcionat. <\/span><\/li>\n<li style=\"font-weight: 400;\"><span style=\"font-weight: 400;\">De tant en tant, tamb\u00e9 podem utilitzar la seva informaci\u00f3 per comunicar-nos amb vost\u00e8 per a finalitats de recerca. Podem comunicar-nos amb vost\u00e8 per correu electr\u00f2nic. Podem utilitzar la informaci\u00f3 per personalitzar el lloc web d&#8217;acord als seus interessos. <\/span><\/li>\n<\/ul>\n<p>&nbsp;<\/p>\n<p><b>Seguretat<\/b><\/p>\n<p>&nbsp;<\/p>\n<p><span style=\"font-weight: 400;\">Estem compromesos a assegurar que la seva informaci\u00f3 est\u00e0 segura. Per tal d&#8217;evitar l&#8217;acc\u00e9s no autoritzat o divulgaci\u00f3 hem recopilat aquesta informaci\u00f3 en un lloc segur, pel que fa a TI i els procediments administratius per salvaguardar i assegurar la informaci\u00f3 que recopilem en l\u00ednia. \u00a0<\/span><\/p>\n<p>&nbsp;<\/p>\n<p><b>Com utilitzem les galetes (cookies) <\/b><\/p>\n<p>&nbsp;<\/p>\n<p><span style=\"font-weight: 400;\">Una galeta \u00e9s un petit arxiu que demana perm\u00eds per ser col\u00b7locat al disc dur del seu ordinador . Una vegada que vost\u00e8 est\u00e0 d&#8217;acord, l&#8217;arxiu s&#8217;afegeix i la galeta ajuda a analitzar el tr\u00e0nsit web o li permet saber quan vost\u00e8 visita un lloc en particular. Les galetes permeten que les aplicacions web responguin a vost\u00e8 com a individu . L&#8217;aplicaci\u00f3 web pot adaptar les seves operacions a les seves necessitats , gustos i disgustos per reunir i recordar la informaci\u00f3 sobre les seves prefer\u00e8ncies. \u00a0<\/span><\/p>\n<p><span style=\"font-weight: 400;\">Utilitzem cookies de registre de tr\u00e0nsit per identificar quines p\u00e0gines s&#8217;estan utilitzant . Aix\u00f2 ens ajuda a analitzar dades sobre el tr\u00e0nsit de la p\u00e0gina web i millorar el nostre lloc web per tal d&#8217;adaptar-lo a les necessitats del client. Nom\u00e9s utilitzem aquesta informaci\u00f3 per a fins d&#8217;an\u00e0lisi estad\u00edstica i despr\u00e9s les dades s&#8217;eliminen del sistema. \u00a0<\/span><\/p>\n<p><span style=\"font-weight: 400;\">En general, les galetes ens ajuden a oferir-li un millor lloc web, de manera que ens permet controlar les p\u00e0gines que troba \u00fatils i quines no. Una galeta de cap manera ens d\u00f3na acc\u00e9s al seu ordinador o a qualsevol informaci\u00f3 sobre vost\u00e8, excepte les dades que vost\u00e8 decideixi compartir amb nosaltres. Podeu triar entre acceptar o refusar galetes. La majoria dels navegadors web accepten galetes autom\u00e0ticament, per\u00f2 vost\u00e8 pot modificar la configuraci\u00f3 del navegador per rebutjar cookies si ho prefereix. \u00a0<\/span><\/p>\n<p>&nbsp;<\/p>\n<p><b>Els enlla\u00e7os a altres llocs web <\/b><\/p>\n<p>&nbsp;<\/p>\n<p><span style=\"font-weight: 400;\">El nostre lloc web cont\u00e9 enlla\u00e7os a altres llocs d&#8217;inter\u00e8s. No obstant aix\u00f2, una vegada que hagi utilitzat aquests enlla\u00e7os per sortir del nostre lloc, ha de tenir en compte que no tenim cap control sobre aquest altre lloc web. Per tant, no podem ser responsables de la protecci\u00f3 i privacitat de qualsevol informaci\u00f3 que vost\u00e8 proporcioni en visitar aquests llocs i aquests llocs no es regeixen per aquesta declaraci\u00f3 de privacitat. Vost\u00e8 ha de tenir cura i llegir la declaraci\u00f3 de privacitat aplicable al lloc web en q\u00fcesti\u00f3. \u00a0<\/span><\/p>\n<p>&nbsp;<\/p>\n<p><b>DRETS D&#8217;ACC\u00c9S A LES DADES PERSONALS<\/b><\/p>\n<p>&nbsp;<\/p>\n<p><span style=\"font-weight: 400;\">L&#8217;usuari t\u00e9 dret a accedir, rectificar o cancel\u00b7lar les seves dades personals. Aquests drets podran ser executades pel propietari o per un representant legal posant-se en contacte amb: Interxarxes <\/span><\/p>\n<p><span style=\"font-weight: 400;\">Contacte : <\/span><\/p>\n","protected":false},"excerpt":{"rendered":"<p>Av\u00eds legal &nbsp; Aquesta pol\u00edtica de privacitat estableix com Interxarxes utilitza i protegeix qualsevol informaci\u00f3 que vost\u00e8 d\u00f3na a Interxarxes quan s&#8217;utilitza aquesta web. Interxarxes es compromet a garantir que la seva privacitat est\u00e0 protegida. En utilitzar aquest lloc web, si demanem que ens proporcioni qualsevol informaci\u00f3 per la qual vost\u00e8 pot ser identificat li [&hellip;]<\/p>\n","protected":false},"author":1,"featured_media":0,"parent":0,"menu_order":0,"comment_status":"closed","ping_status":"closed","template":"","meta":[],"_links":{"self":[{"href":"http:\/\/www.interxarxes.com\/index.php\/wp-json\/wp\/v2\/pages\/849"}],"collection":[{"href":"http:\/\/www.interxarxes.com\/index.php\/wp-json\/wp\/v2\/pages"}],"about":[{"href":"http:\/\/www.interxarxes.com\/index.php\/wp-json\/wp\/v2\/types\/page"}],"author":[{"embeddable":true,"href":"http:\/\/www.interxarxes.com\/index.php\/wp-json\/wp\/v2\/users\/1"}],"replies":[{"embeddable":true,"href":"http:\/\/www.interxarxes.com\/index.php\/wp-json\/wp\/v2\/comments?post=849"}],"version-history":[{"count":2,"href":"http:\/\/www.interxarxes.com\/index.php\/wp-json\/wp\/v2\/pages\/849\/revisions"}],"predecessor-version":[{"id":929,"href":"http:\/\/www.interxarxes.com\/index.php\/wp-json\/wp\/v2\/pages\/849\/revisions\/929"}],"wp:attachment":[{"href":"http:\/\/www.interxarxes.com\/index.php\/wp-json\/wp\/v2\/media?parent=849"}],"curies":[{"name":"wp","href":"https:\/\/api.w.org\/{rel}","templated":true}]}}