{"id":79,"date":"2017-02-03T14:04:37","date_gmt":"2017-02-03T13:04:37","guid":{"rendered":"http:\/\/www.interxarxes.com\/?page_id=79"},"modified":"2026-01-22T14:24:34","modified_gmt":"2026-01-22T13:24:34","slug":"serveis-participants","status":"publish","type":"page","link":"http:\/\/www.interxarxes.com\/index.php\/serveis-participants\/","title":{"rendered":"Serveis participants"},"content":{"rendered":"[vc_row fullwidth=&#8221;true&#8221; css=&#8221;.vc_custom_1488802596508{background-image: url(http:\/\/www.interxarxes.com\/wp-content\/uploads\/2017\/02\/blau-wbe.jpg?id=604) !important;}&#8221;][vc_column][vc_empty_space height=&#8221;250px&#8221; css=&#8221;.vc_custom_1488802492222{background-image: url(http:\/\/www.interxarxes.com\/wp-content\/uploads\/2017\/02\/blau-wbe.jpg?id=604) !important;}&#8221;][\/vc_column][\/vc_row][vc_row][vc_column][vc_empty_space height=&#8221;50px&#8221;][\/vc_column][\/vc_row][vc_row][vc_column][vc_tabs container_bg_color=&#8221;#ffffff&#8221;][vc_tab title=&#8221;\u00c0mbit Educatiu&#8221; tab_id=&#8221;1486199773297-2-6&#8243;][mk_custom_list icon_color=&#8221;#006699&#8243;]\n<ul>\n<li><\/li>\n<li><a href=\"http:\/\/se-horta-guinardo.cat\/index.php?option=com_content&amp;view=article&amp;id=195&amp;Itemid=149\">EAP (Equip d\u2019Assessorament Psicopedag\u00f2gic) d\u2019Horta-Guinard\u00f3<\/a><\/li>\n<\/ul>\n<p>Educaci\u00f3 infantil<\/p>\n<ul>\n<li><a href=\"http:\/\/ajuntament.barcelona.cat\/escolesbressol\/ebmelgatnegre\">EBM GAT NEGRE<\/a><\/li>\n<li><a href=\"http:\/\/ajuntament.barcelona.cat\/escolesbressol\/ebmtristras\">EBM TRIS-TRAS<\/a><\/li>\n<li><a href=\"http:\/\/ajuntament.barcelona.cat\/escolesbressol\/ebmxarlot\">EBM XARLOT<\/a><\/li>\n<\/ul>\n<p>Educaci\u00f3 prim\u00e0ria<\/p>\n<ul>\n<li><a href=\"http:\/\/www.acisarturmartorell.cat\/\">Escola ACIS-ARTUR MARTORELL<\/a><\/li>\n<li><a href=\"http:\/\/www.escola-arciris.cat\/\">Escola ARC IRIS<\/a><\/li>\n<li><a href=\"http:\/\/agora.xtec.cat\/escolabaloo\/\">Escola BALOO<\/a><\/li>\n<li><a href=\"http:\/\/spinola.abatoliba.edu\/\">Escola CARDENAL ESPINOLA<\/a><\/li>\n<li><a href=\"http:\/\/www.covesdencimany.com\/gestor\/\">Escola COVES D\u2019EN CIMANY<\/a><\/li>\n<li><a href=\"http:\/\/agora.xtec.cat\/escoladelmar\/\">ESCOLA DEL MAR<\/a><\/li>\n<li><a href=\"http:\/\/agora.xtec.cat\/ceipelcarmel\">Escola EL CARMEL <\/a><\/li>\n<li><a href=\"http:\/\/agora.xtec.cat\/escolafontfargas\/\">Escola FONT D\u2019EN FARGUES <\/a><\/li>\n<li><a href=\"https:\/\/www.escoladelesaig\u00fces.cat\/\">Escola de les Aig\u00fces<\/a><\/li>\n<li><a href=\"http:\/\/escolaguinardo.org\/\">Escola GUINARD\u00d3<\/a><\/li>\n<li><a href=\"http:\/\/www.horta.lasalle.cat\/\">Escola LA SALLE-HORTA<\/a><\/li>\n<li><a href=\"http:\/\/www.escolamarededeudemontserrat.cat\/\">Escola MARE DE DEU DE MONTSERRAT<\/a><\/li>\n<li><a href=\"http:\/\/marenostrum-horta.blogspot.com.es\/\">Escola MARE NOSTRUM <\/a><\/li>\n<li><a href=\"https:\/\/sites.google.com\/a\/xtec.cat\/mas-casanovas2012\/\">Escola MAS CASANOVAS<\/a><\/li>\n<li><a href=\"http:\/\/agora.xtec.cat\/escolaparcdelguinardo\/\">Escola PARC DEL GUINARD\u00d3<\/a><\/li>\n<li><a href=\"http:\/\/paucasalshorta.blogspot.com.es\/\">Escola PAU CASALS<\/a><\/li>\n<li><a href=\"http:\/\/agora.xtec.cat\/colegiosantateresa\/\">Escola SANTA TERESA<\/a><\/li>\n<li><a href=\"http:\/\/agora.xtec.cat\/ceiptaxonera\/\">Institut escola MIRADES<\/a><\/li>\n<li><a href=\"https:\/\/www.escolatorrentdenmelis.cat\/\">Escola TORRENT D\u2019EN MELIS<\/a><\/li>\n<li><a href=\"http:\/\/www.liceucastrodelapenya.com\/\" target=\"_blank\" rel=\"noopener noreferrer\">LICEU CASTRO DE LA PE\u00d1A<\/a><\/li>\n<\/ul>\n<p>Educaci\u00f3 secund\u00e0ria<\/p>\n<ul>\n<li><a href=\"http:\/\/agmundet.es\/wp\/\">Institut ANNA GIRONELLA MUNDET<\/a><\/li>\n<li><a href=\"http:\/\/www.ferrantallada.cat\/\">Institut M. FERRAN TALLADA<\/a><\/li>\n<li><a href=\"http:\/\/www.goya.cat\/\">Institut FRANCISCO DE GOYA<\/a><\/li>\n<li><a href=\"https:\/\/sites.google.com\/a\/xtec.cat\/institut-josep-pla\/home\">Institut JOSEP PLA<\/a><\/li>\n<li><a href=\"http:\/\/insmonturiol.cat\/web\/\">Institut NARC\u00cdS MONTURIOL<\/a><\/li>\n<li><a href=\"http:\/\/iespgirona.xtec.cat\/\">Institut TERESA P\u00c0MIES<\/a><\/li>\n<li><a href=\"http:\/\/www.insvallhebron.cat\/\">Institut VALL D\u2019HEBRON<\/a><\/li>\n<\/ul>\n<p>Educaci\u00f3 especial<\/p>\n<ul>\n<li><a href=\"http:\/\/ca.carrilet.org\/\" target=\"_blank\" rel=\"noopener noreferrer\">CEE CARRILET. Centre educatiu terap\u00e8utic<\/a><\/li>\n<li><a href=\"https:\/\/eemarededeudemontserrat.wordpress.com\/\">Escola Especial MARE de D\u00c9U de MONTSERRAT<\/a><\/li>\n<li><a href=\"http:\/\/www.escolarel.com\/\">Escola REL . Centre d\u2019Educaci\u00f3 Especial<\/a><\/li>\n<\/ul>\n<p>Altres<\/p>\n<ul>\n<li><a href=\"http:\/\/www.aprenents.cat\/\">ESCOLA D\u2019APRENENTS Sant Gen\u00eds dels Agudells<\/a><\/li>\n<li><a href=\"http:\/\/www.els3turons.org\/pronto\/\">FUNDACI\u00d3 ELS TRES TURONS (Programa d\u2019intervenci\u00f3 amb joves)<\/a><\/li>\n<\/ul>\n[\/mk_custom_list][\/vc_tab][vc_tab title=&#8221;\u00c0mbit Social&#8221; tab_id=&#8221;1486199593-2-40&#8243;][mk_custom_list icon_color=&#8221;#ffcc00&#8243;]\n<p>Serveis socials<\/p>\n<ul>\n<li><a href=\"http:\/\/guia.barcelona.cat\/detall\/centre-de-serveis-socials-baix-guinardo-can-baro_99400262773.html\" target=\"_blank\" rel=\"noopener noreferrer\">SSB (Serveis Socials B\u00e0sics) Baix Guinard\u00f3-Can Bar\u00f3<\/a><\/li>\n<li><a href=\"http:\/\/guia.barcelona.cat\/detall\/centre-de-serveis-socials-carmel_92086015255.html\" target=\"_blank\" rel=\"noopener noreferrer\">SSB (Serveis Socials B\u00e0sics) El Carmel<\/a><\/li>\n<li><a href=\"http:\/\/guia.barcelona.cat\/detall\/centre-de-serveis-socials-del-guinardo_92086009715.html\" target=\"_blank\" rel=\"noopener noreferrer\">SSB (Serveis Socials B\u00e0sics) Guinard\u00f3<\/a><\/li>\n<li><a href=\"http:\/\/guia.barcelona.cat\/detall\/centre-de-serveis-socials-horta_92086009717.html\" target=\"_blank\" rel=\"noopener noreferrer\">SSB (Serveis Socials B\u00e0sics) d\u2019Horta<\/a><\/li>\n<li><a href=\"http:\/\/guia.barcelona.cat\/detall\/centre-de-serveis-socials-vall-d-hebron-teixonera_92086038764.html\" target=\"_blank\" rel=\"noopener noreferrer\">SSB (Serveis Socials B\u00e0sics) Vall d\u2019Hebron-Teixonera<\/a><\/li>\n<\/ul>\n<p>Protecci\u00f3 inf\u00e0ncia<\/p>\n<ul>\n<li>SEAIA. Servei Especialitzat d&#8217;Atenci\u00f3 a la Inf\u00e0ncia i Adolesc\u00e8ncia<b>\u00a0<\/b>Gr\u00e0cia\/ Horta-Guinard\u00f3<\/li>\n<\/ul>\n<p>Atenci\u00f3 preco\u00e7<\/p>\n<ul>\n<li><a href=\"http:\/\/agalma.cat\/index.php?id=cdiap\">CDIAP (Centre de Desenvolupament Infantil i Atenci\u00f3 Preco\u00e7) AGALMA<\/a><\/li>\n<\/ul>\n<p>Altres<\/p>\n<ul>\n<li><a href=\"http:\/\/ajuntament.barcelona.cat\/dones\/es\/canal\/serveis-datencio-recuperacio-i-acollida-sara\">SARA. Servei d\u2019Atenci\u00f3, Recuperaci\u00f3 i Acollida<\/a><\/li>\n<\/ul>\n[\/mk_custom_list][\/vc_tab][vc_tab title=&#8221;\u00c0mbit Salut&#8221; tab_id=&#8221;1486200531012-2-5&#8243;][mk_custom_list icon_color=&#8221;#009933&#8243;]\n<p>Salut mental<\/p>\n<ul>\n<li><a href=\"http:\/\/www.hsrafael.com\/serveis-assistencials\/psiquiatria-salut-mental-100\/centre-de-salut-mental-infantojuvenil-csmij.html\">CSMIJ (Centre de Salut Mental Infanto Juvenil) d\u2019Horta-Guinard\u00f3<\/a><\/li>\n<li><a href=\"http:\/\/www.f9b.org\/ca\/que-es\" target=\"_blank\" rel=\"noopener noreferrer\">HOSPITAL DE DIA per adolescents. Fundaci\u00f3 9 Barris<\/a><\/li>\n<li>Unitat Hospitalitzaci\u00f3 psiquiatria infanto-juvenil. Hospital de la Vall d\u2019Hebron<\/li>\n<li>ASM Horta Guinard\u00f3. CSMA Horta. CSMA Guinard\u00f3. PSI Horta-Guinard\u00f3<\/li>\n<\/ul>\n<p>Atenci\u00f3 prim\u00e0ria<\/p>\n<ul>\n<li>Equip Territorial d&#8217;Atenci\u00f3 Pedi\u00e0trica (ETAP) Horta &#8211; El Carmel &#8211; Sant Rafael.<\/li>\n<li>ETAP Maragall<\/li>\n<li><a href=\"http:\/\/www.eapsardenya.cat\/-\">EAP Sardenya<\/a><\/li>\n<li>EAP Sanllehy<\/li>\n<\/ul>\n<p>Drogodepend\u00e8ncies<\/p>\n<ul>\n<li><a href=\"http:\/\/drogues.gencat.cat\/es\/ciutadania\/busqueu_ajuda\/on_os_podeu_tractar\/\">CAS (Centre d\u2019Atenci\u00f3 i Seguiment drogodepend\u00e8ncies) Horta-Guinard\u00f3<\/a><\/li>\n<\/ul>\n[\/mk_custom_list][\/vc_tab][vc_tab title=&#8221;\u00c0mbit Socio-educatiu&#8221; tab_id=&#8221;1488305039132-3-9&#8243;][mk_custom_list icon_color=&#8221;#ff3333&#8243;]\n<p>Centres oberts<\/p>\n<ul>\n<li><a href=\"http:\/\/www.cjmarticodolar.org\/\">Centre obert MART\u00cd-CODOLAR<\/a><\/li>\n<li><a href=\"http:\/\/centrokarmelo.blogspot.com.es\/\">Fundaci\u00f3\u00a0ADSIS<\/a><\/li>\n<\/ul>\n<p>Casals i ludoteques<\/p>\n<ul>\n<li><a href=\"http:\/\/ciguinardo.horta-guinardo.info\/\" target=\"_blank\" rel=\"noopener noreferrer\">Casal Infantil GUINARD\u00d3<\/a><\/li>\n<li><a href=\"http:\/\/cilatorre.horta-guinardo.info\/es\" target=\"_blank\" rel=\"noopener noreferrer\">Casal Infantil LA TORRE<\/a><\/li>\n<li><a href=\"http:\/\/cianec.horta-guinardo.info\">Casal Infantil l&#8217;\u00c0NEC<\/a><\/li>\n<li><a href=\"http:\/\/citeixonera.horta-guinardo.info\/\" target=\"_blank\" rel=\"noopener noreferrer\">Casal Infantil TEIXONERA<\/a><\/li>\n<li><a href=\"http:\/\/guia.barcelona.cat\/es\/detall\/centre-civic-el-carmel_92086031535.html\">Ludoteca ARIMEL<\/a><\/li>\n<li><a href=\"https:\/\/ajuntament.barcelona.cat\/casalsdebarrihg\/cbvallhebron\/\">Ludoteca Can Travi<\/a><\/li>\n<li><a href=\"https:\/\/guia.barcelona.cat\/es\/detall\/ludoteca-casa-groga_94297124519.html\">Ludoteca Casa Groga<\/a><\/li>\n<li><a href=\"https:\/\/ajuntament.barcelona.cat\/agendajove\/es\/detall\/ludoteca-el-galliner_99400144332.html\">Ludoteca Galliner<\/a><\/li>\n<\/ul>\n[\/mk_custom_list][\/vc_tab][\/vc_tabs][\/vc_column][\/vc_row]\n","protected":false},"excerpt":{"rendered":"<p>[vc_row fullwidth=&#8221;true&#8221; css=&#8221;.vc_custom_1488802596508{background-image: url(http:\/\/www.interxarxes.com\/wp-content\/uploads\/2017\/02\/blau-wbe.jpg?id=604) !important;}&#8221;][vc_column][vc_empty_space height=&#8221;250px&#8221; css=&#8221;.vc_custom_1488802492222{background-image: url(http:\/\/www.interxarxes.com\/wp-content\/uploads\/2017\/02\/blau-wbe.jpg?id=604) !important;}&#8221;][\/vc_column][\/vc_row][vc_row][vc_column][vc_empty_space height=&#8221;50px&#8221;][\/vc_column][\/vc_row][vc_row][vc_column][vc_tabs container_bg_color=&#8221;#ffffff&#8221;][vc_tab title=&#8221;\u00c0mbit Educatiu&#8221; tab_id=&#8221;1486199773297-2-6&#8243;][mk_custom_list icon_color=&#8221;#006699&#8243;] EAP (Equip d\u2019Assessorament Psicopedag\u00f2gic) d\u2019Horta-Guinard\u00f3 Educaci\u00f3 infantil EBM GAT NEGRE EBM TRIS-TRAS EBM XARLOT Educaci\u00f3 prim\u00e0ria Escola ACIS-ARTUR MARTORELL Escola ARC IRIS Escola BALOO Escola CARDENAL ESPINOLA Escola COVES D\u2019EN CIMANY ESCOLA DEL MAR Escola EL CARMEL Escola FONT D\u2019EN [&hellip;]<\/p>\n","protected":false},"author":1,"featured_media":0,"parent":0,"menu_order":0,"comment_status":"closed","ping_status":"closed","template":"","meta":[],"_links":{"self":[{"href":"http:\/\/www.interxarxes.com\/index.php\/wp-json\/wp\/v2\/pages\/79"}],"collection":[{"href":"http:\/\/www.interxarxes.com\/index.php\/wp-json\/wp\/v2\/pages"}],"about":[{"href":"http:\/\/www.interxarxes.com\/index.php\/wp-json\/wp\/v2\/types\/page"}],"author":[{"embeddable":true,"href":"http:\/\/www.interxarxes.com\/index.php\/wp-json\/wp\/v2\/users\/1"}],"replies":[{"embeddable":true,"href":"http:\/\/www.interxarxes.com\/index.php\/wp-json\/wp\/v2\/comments?post=79"}],"version-history":[{"count":38,"href":"http:\/\/www.interxarxes.com\/index.php\/wp-json\/wp\/v2\/pages\/79\/revisions"}],"predecessor-version":[{"id":1973,"href":"http:\/\/www.interxarxes.com\/index.php\/wp-json\/wp\/v2\/pages\/79\/revisions\/1973"}],"wp:attachment":[{"href":"http:\/\/www.interxarxes.com\/index.php\/wp-json\/wp\/v2\/media?parent=79"}],"curies":[{"name":"wp","href":"https:\/\/api.w.org\/{rel}","templated":true}]}}