{"id":72,"date":"2017-02-03T13:58:10","date_gmt":"2017-02-03T12:58:10","guid":{"rendered":"http:\/\/www.interxarxes.com\/?page_id=72"},"modified":"2025-12-23T15:41:10","modified_gmt":"2025-12-23T14:41:10","slug":"consell-tecnic","status":"publish","type":"page","link":"http:\/\/www.interxarxes.com\/index.php\/consell-tecnic\/","title":{"rendered":"Comit\u00e8 t\u00e8cnic"},"content":{"rendered":"[vc_row fullwidth=&#8221;true&#8221; css=&#8221;.vc_custom_1488803477503{background-image: url(http:\/\/www.interxarxes.com\/wp-content\/uploads\/2017\/01\/qui-som.jpg?id=582) !important;}&#8221;][vc_column][vc_empty_space height=&#8221;250px&#8221;][\/vc_column][\/vc_row][vc_row][vc_column][vc_empty_space height=&#8221;50px&#8221;][\/vc_column][\/vc_row][vc_row][vc_column][mk_content_box heading=&#8221;Membres del Comit\u00e8 t\u00e8cnic&#8221; animation=&#8221;fade-in&#8221;][mk_custom_list style=&#8221;mk-moon-user-6&#8243; icon_color=&#8221;#009933&#8243; margin_bottom=&#8221;48&#8243;]\n<ul>\n<li><strong>Anna Clarabuch<\/strong>, Coordinadora programa Interxarxes. Psic\u00f2loga CSMIJ Horta-Guinard\u00f3<\/li>\n<li><strong>Marta Busquets<\/strong>, Adjunta a la coordinaci\u00f3 del programa Interxarxes. Psic\u00f2loga Serveis socials Guinard\u00f3<\/li>\n<li><strong>Amparo Sard\u00e1<\/strong>, Directora Centre de Serveis Socials Carmel<\/li>\n<li><strong>Laura Plaza<\/strong>, Treballadora social. Centre Serveis Socials Baix Guinard\u00f3-Can Bar\u00f3<\/li>\n<li><strong>Laia Laseirra<\/strong>, Educadora social. Centre Serveis Socials Vall d\u2019Hebron<\/li>\n<li><strong>Monica Sanz<\/strong>, Educadora social CSMIJ Horta-Guinard\u00f3<\/li>\n<li><strong>N\u00faria Gonz\u00e1lez Pratdesaba<\/strong>, Institut Municipal de Persones amb Discapacitat<\/li>\n<li><strong>Cecilia Collado<\/strong>, Directora de serveis a les persones i al territori districte Horta-Guinard\u00f3<\/li>\n<li><strong>Pilar Ramos<\/strong>, T\u00e8cnica de salut p\u00fablica. ASPB<\/li>\n<li><strong>Ariadna Rodriguez<\/strong>, T\u00e8cnica servei d\u2019Acci\u00f3 Comunit\u00e0ria<\/li>\n<li><strong>Carme Montemar<\/strong>, Directora EAP Horta-Guinard\u00f3<\/li>\n<li><strong>Emilia Viladons<\/strong>, Psicopedagoga EAP Horta-Guinard\u00f3<\/li>\n<li><strong>Amparo Sard\u00e1<\/strong>, Directora Centre de Serveis Socials Carmel<\/li>\n<li><strong>Encarna P\u00e9rez<\/strong>, Psicopedagoga EAP Horta-Guinard\u00f3<\/li>\n<li><strong>Raquel Padr\u00f3<\/strong>, Directora SEAIA Horta-Guinard\u00f3-Gr\u00e0cia<\/li>\n<li><strong>Alba Subirats<\/strong>, Psic\u00f2loga SEAIA Horta-Guianrd\u00f3-Gr\u00e0ci<\/li>\n<li><strong>Andrea K\u00f6gel<\/strong>, <b>Referent de Benestar emocional equip pediatria Horta, Carmel, Sant Rafael<\/b><\/li>\n<li><strong>Maite Cantero<\/strong>, <b>Treballadora social equip pediatria Horta, Carmel, Sant Rafael<\/b><\/li>\n<li><strong>Oriol D\u00edaz<\/strong>, Equip Educatiu Casal Infantil La Torre<\/li>\n<li><strong>Sandra Guerrero<\/strong>, Equip Educatiu Ludoteca Casa Groga<\/li>\n<li><strong>Elisa Thomas<\/strong>, Coordinadora CDIAP AGALMA<\/li>\n<\/ul>\n[\/mk_custom_list][\/mk_content_box][\/vc_column][\/vc_row]\n","protected":false},"excerpt":{"rendered":"<p>[vc_row fullwidth=&#8221;true&#8221; css=&#8221;.vc_custom_1488803477503{background-image: url(http:\/\/www.interxarxes.com\/wp-content\/uploads\/2017\/01\/qui-som.jpg?id=582) !important;}&#8221;][vc_column][vc_empty_space height=&#8221;250px&#8221;][\/vc_column][\/vc_row][vc_row][vc_column][vc_empty_space height=&#8221;50px&#8221;][\/vc_column][\/vc_row][vc_row][vc_column][mk_content_box heading=&#8221;Membres del Comit\u00e8 t\u00e8cnic&#8221; animation=&#8221;fade-in&#8221;][mk_custom_list style=&#8221;mk-moon-user-6&#8243; icon_color=&#8221;#009933&#8243; margin_bottom=&#8221;48&#8243;] Anna Clarabuch, Coordinadora programa Interxarxes. Psic\u00f2loga CSMIJ Horta-Guinard\u00f3 Marta Busquets, Adjunta a la coordinaci\u00f3 del programa Interxarxes. Psic\u00f2loga Serveis socials Guinard\u00f3 Amparo Sard\u00e1, Directora Centre de Serveis Socials Carmel Laura Plaza, Treballadora social. Centre Serveis Socials Baix Guinard\u00f3-Can Bar\u00f3 Laia [&hellip;]<\/p>\n","protected":false},"author":1,"featured_media":0,"parent":0,"menu_order":0,"comment_status":"closed","ping_status":"closed","template":"","meta":[],"_links":{"self":[{"href":"http:\/\/www.interxarxes.com\/index.php\/wp-json\/wp\/v2\/pages\/72"}],"collection":[{"href":"http:\/\/www.interxarxes.com\/index.php\/wp-json\/wp\/v2\/pages"}],"about":[{"href":"http:\/\/www.interxarxes.com\/index.php\/wp-json\/wp\/v2\/types\/page"}],"author":[{"embeddable":true,"href":"http:\/\/www.interxarxes.com\/index.php\/wp-json\/wp\/v2\/users\/1"}],"replies":[{"embeddable":true,"href":"http:\/\/www.interxarxes.com\/index.php\/wp-json\/wp\/v2\/comments?post=72"}],"version-history":[{"count":29,"href":"http:\/\/www.interxarxes.com\/index.php\/wp-json\/wp\/v2\/pages\/72\/revisions"}],"predecessor-version":[{"id":1961,"href":"http:\/\/www.interxarxes.com\/index.php\/wp-json\/wp\/v2\/pages\/72\/revisions\/1961"}],"wp:attachment":[{"href":"http:\/\/www.interxarxes.com\/index.php\/wp-json\/wp\/v2\/media?parent=72"}],"curies":[{"name":"wp","href":"https:\/\/api.w.org\/{rel}","templated":true}]}}