{"id":31,"date":"2017-01-26T17:27:06","date_gmt":"2017-01-26T16:27:06","guid":{"rendered":"http:\/\/www.interxarxes.com\/?page_id=31"},"modified":"2025-12-23T14:28:10","modified_gmt":"2025-12-23T13:28:10","slug":"qui-som","status":"publish","type":"page","link":"http:\/\/www.interxarxes.com\/index.php\/qui-som\/","title":{"rendered":"Qui som"},"content":{"rendered":"[vc_row fullwidth=&#8221;true&#8221; parallax=&#8221;content-moving-fade&#8221; parallax_image=&#8221;582&#8243; css=&#8221;.vc_custom_1488782171592{background-image: url(http:\/\/www.interxarxes.com\/wp-content\/uploads\/2017\/01\/qui-som.jpg?id=582) !important;}&#8221;][vc_column][vc_empty_space height=&#8221;250px&#8221;][\/vc_column][\/vc_row][vc_row][vc_column][vc_empty_space][vc_row_inner][vc_column_inner][vc_column_text]\n<h2 style=\"text-align: left;\"><span style=\"color: #000000;\"><strong><span class=\"subtitulo\">Projecte de Treball en xarxa al Districte d\u2019Horta-Guinard\u00f3<\/span><\/strong><\/span><\/h2>\n<p><span style=\"font-weight: 400;\">Interxarxes \u00e9s un programa de treball en xarxa amb fam\u00edlies, inf\u00e0ncia i adolesc\u00e8ncia que s\u2019est\u00e0 desenvolupant al districte d\u2019Horta-Guinard\u00f3, des de l\u2019any 2000.&nbsp;<\/span><\/p>\n<p><span style=\"font-weight: 400;\">Consisteix en l\u2019establiment d\u2019una xarxa de coordinaci\u00f3 regular i estable, en l\u2019\u00e0mbit del Districte entre els serveis de salut, educaci\u00f3, atenci\u00f3 social, protecci\u00f3 a la inf\u00e0ncia i espais socioeducatius adre\u00e7ats a la poblaci\u00f3 infantil i adolescent i les seves fam\u00edlies.&nbsp;<\/span><\/p>\n<p><span style=\"font-weight: 400;\">El programa t\u00e9 els seg\u00fcents objectius:<\/span><\/p>\n<ul>\n<li style=\"font-weight: 400;\" aria-level=\"1\"><span style=\"font-weight: 400;\">&nbsp;Millora de la qualitat assistencial dels serveis<\/span><\/li>\n<li style=\"font-weight: 400;\" aria-level=\"1\"><span style=\"font-weight: 400;\">Increment del coneixement de la realitat de la inf\u00e0ncia i la fam\u00edlia al territori mitjan\u00e7ant la recerca aplicada.&nbsp;<\/span><\/li>\n<li style=\"font-weight: 400;\" aria-level=\"1\"><span style=\"font-weight: 400;\">Formaci\u00f3 i aprenentatge mutu dels professionals en el treball en xarxa.&nbsp;&nbsp;<\/span><\/li>\n<li style=\"font-weight: 400;\" aria-level=\"1\"><span style=\"font-weight: 400;\">Formulaci\u00f3 de propostes d\u2019optimitzaci\u00f3 dels recursos disponibles dins d\u2019un pla m\u00e9s ampli de dinamitzaci\u00f3 comunit\u00e0ria.<\/span><\/li>\n<\/ul>\n<p><img loading=\"lazy\" class=\"wp-image-1110 aligncenter\" src=\"http:\/\/www.interxarxes.com\/wp-content\/uploads\/2017\/01\/linia.png\" alt=\"\" width=\"644\" height=\"483\"><\/p>\n<p>Interxarxes es un programa de trabajo en red con familias, infancia y adolescencia que se est\u00e1 desarrollando en el distrito de Horta-Guinard\u00f3 desde el a\u00f1o 2000.<\/p>\n<p>Consiste en el establecimiento de una red de coordinaci\u00f3n regular y estable, en el \u00e1mbito del Distrito, entre los servicios de salud, educaci\u00f3n, atenci\u00f3n social, protecci\u00f3n a la infancia y los espacios socioeducativos dirigidos a la poblaci\u00f3n infantil y adolescente y a sus familias.<\/p>\n<p>El programa tiene los siguientes objetivos:<\/p>\n<ul>\n<li>Mejora de la calidad asistencial de los servicios.<\/li>\n<li>Incremento del conocimiento de la realidad de la infancia y la familia en el territorio mediante la investigaci\u00f3n aplicada.<\/li>\n<li>Formaci\u00f3n y aprendizaje mutuo de los profesionales en el trabajo en red.<\/li>\n<li>Formulaci\u00f3n de propuestas de optimizaci\u00f3n de los recursos disponibles dentro de un plan m\u00e1s amplio de dinamizaci\u00f3n comunitaria.[\/vc_column_text][\/vc_column_inner][\/vc_row_inner][vc_empty_space][\/vc_column][\/vc_row]<\/li>\n<\/ul>\n","protected":false},"excerpt":{"rendered":"<p>[vc_row fullwidth=&#8221;true&#8221; parallax=&#8221;content-moving-fade&#8221; parallax_image=&#8221;582&#8243; css=&#8221;.vc_custom_1488782171592{background-image: url(http:\/\/www.interxarxes.com\/wp-content\/uploads\/2017\/01\/qui-som.jpg?id=582) !important;}&#8221;][vc_column][vc_empty_space height=&#8221;250px&#8221;][\/vc_column][\/vc_row][vc_row][vc_column][vc_empty_space][vc_row_inner][vc_column_inner][vc_column_text] Projecte de Treball en xarxa al Districte d\u2019Horta-Guinard\u00f3 Interxarxes \u00e9s un programa de treball en xarxa amb fam\u00edlies, inf\u00e0ncia i adolesc\u00e8ncia que s\u2019est\u00e0 desenvolupant al districte d\u2019Horta-Guinard\u00f3, des de l\u2019any 2000.&nbsp; Consisteix en l\u2019establiment d\u2019una xarxa de coordinaci\u00f3 regular i estable, en l\u2019\u00e0mbit del Districte entre els [&hellip;]<\/p>\n","protected":false},"author":1,"featured_media":0,"parent":0,"menu_order":0,"comment_status":"closed","ping_status":"closed","template":"","meta":[],"_links":{"self":[{"href":"http:\/\/www.interxarxes.com\/index.php\/wp-json\/wp\/v2\/pages\/31"}],"collection":[{"href":"http:\/\/www.interxarxes.com\/index.php\/wp-json\/wp\/v2\/pages"}],"about":[{"href":"http:\/\/www.interxarxes.com\/index.php\/wp-json\/wp\/v2\/types\/page"}],"author":[{"embeddable":true,"href":"http:\/\/www.interxarxes.com\/index.php\/wp-json\/wp\/v2\/users\/1"}],"replies":[{"embeddable":true,"href":"http:\/\/www.interxarxes.com\/index.php\/wp-json\/wp\/v2\/comments?post=31"}],"version-history":[{"count":26,"href":"http:\/\/www.interxarxes.com\/index.php\/wp-json\/wp\/v2\/pages\/31\/revisions"}],"predecessor-version":[{"id":1951,"href":"http:\/\/www.interxarxes.com\/index.php\/wp-json\/wp\/v2\/pages\/31\/revisions\/1951"}],"wp:attachment":[{"href":"http:\/\/www.interxarxes.com\/index.php\/wp-json\/wp\/v2\/media?parent=31"}],"curies":[{"name":"wp","href":"https:\/\/api.w.org\/{rel}","templated":true}]}}