{"id":25,"date":"2017-01-26T17:25:56","date_gmt":"2017-01-26T16:25:56","guid":{"rendered":"http:\/\/www.interxarxes.com\/?page_id=25"},"modified":"2025-12-23T16:29:22","modified_gmt":"2025-12-23T15:29:22","slug":"inici","status":"publish","type":"page","link":"http:\/\/www.interxarxes.com\/","title":{"rendered":"Inici"},"content":{"rendered":"[vc_row fullwidth=&#8221;true&#8221; visibility=&#8221;hidden-sm&#8221;][vc_column][mk_layerslider id=&#8221;1&#8243;][\/vc_column][\/vc_row][vc_row fullwidth=&#8221;true&#8221; parallax=&#8221;content-moving&#8221; parallax_image=&#8221;578&#8243; visibility=&#8221;visible-sm&#8221;][vc_column width=&#8221;1\/6&#8243;][\/vc_column][vc_column width=&#8221;2\/3&#8243;][vc_empty_space height=&#8221;102px&#8221;][vc_column_text disable_pattern=&#8221;false&#8221;]\n<h5 style=\"text-align: center;\">Som una xarxa de coordinaci\u00f3 regular i estable entre els<br \/>\ndiferents serveis del districte d\u2019Horta-Guinard\u00f3 que intervenen amb la poblaci\u00f3 infantil i les seves fam\u00edlies. Participen priorit\u00e0riament els serveis de salut, educaci\u00f3 i atenci\u00f3 social.<\/h5>\n[\/vc_column_text][mk_button dimension=&#8221;savvy&#8221; size=&#8221;medium&#8221; url=&#8221;http:\/\/www.interxarxes.com\/index.php\/qui-som\/&#8221; align=&#8221;center&#8221;]Qui som?[\/mk_button][vc_empty_space height=&#8221;102px&#8221;][\/vc_column][vc_column width=&#8221;1\/6&#8243;][\/vc_column][\/vc_row][vc_row fullwidth=&#8221;true&#8221; fullwidth_content=&#8221;false&#8221;][vc_column][vc_empty_space height=&#8221;70px&#8221;][vc_column_text css=&#8221;.vc_custom_1608653008282{margin-bottom: 0px !important;}&#8221;]\n<h1 style=\"text-align: center;\">Els nostres \u00e0mbits d&#8217;actuaci\u00f3<\/h1>\n[\/vc_column_text][vc_empty_space height=&#8221;72px&#8221;][vc_row_inner][vc_column_inner width=&#8221;1\/4&#8243;][mk_icon_box2 icon_size=&#8221;64&#8243; icon=&#8221;mk-li-book&#8221; icon_color=&#8221;#ffffff&#8221; icon_background_color=&#8221;#006699&#8243; icon_border_color=&#8221;#ffffff&#8221; icon_hover_color=&#8221;#006699&#8243; icon_hover_background_color=&#8221;#ffffff&#8221; icon_hover_border_color=&#8221;#1e73be&#8221; title=&#8221;Formaci\u00f3&#8221; title_size=&#8221;30&#8243; read_more_url=&#8221;http:\/\/www.interxarxes.com\/index.php\/ambits-dactuacio\/&#8221;][\/mk_icon_box2][\/vc_column_inner][vc_column_inner width=&#8221;1\/4&#8243;][mk_icon_box2 icon_size=&#8221;64&#8243; icon=&#8221;mk-li-users&#8221; icon_color=&#8221;#ffffff&#8221; icon_background_color=&#8221;#ff3333&#8243; icon_border_color=&#8221;#ff3333&#8243; icon_hover_color=&#8221;#ff3333&#8243; icon_hover_background_color=&#8221;#ffffff&#8221; icon_hover_border_color=&#8221;#ff3333&#8243; title=&#8221;Assist\u00e8ncia&#8221; title_size=&#8221;30&#8243; read_more_url=&#8221;http:\/\/www.interxarxes.com\/index.php\/ambits-dactuacio\/&#8221;][\/mk_icon_box2][\/vc_column_inner][vc_column_inner width=&#8221;1\/4&#8243;][mk_icon_box2 icon_size=&#8221;64&#8243; icon=&#8221;mk-li-web&#8221; icon_color=&#8221;#ffffff&#8221; icon_background_color=&#8221;#ffcc00&#8243; icon_border_color=&#8221;#ffffff&#8221; icon_hover_color=&#8221;#ffcc00&#8243; icon_hover_background_color=&#8221;#ffffff&#8221; icon_hover_border_color=&#8221;#ffcc00&#8243; title=&#8221;Dinamitzaci\u00f3 comunit\u00e0ria&#8221; title_size=&#8221;30&#8243; read_more_url=&#8221;http:\/\/www.interxarxes.com\/index.php\/ambits-dactuacio\/&#8221;][\/mk_icon_box2][\/vc_column_inner][vc_column_inner width=&#8221;1\/4&#8243;][mk_icon_box2 icon_size=&#8221;64&#8243; icon=&#8221;mk-li-loupe&#8221; icon_color=&#8221;#ffffff&#8221; icon_background_color=&#8221;#009933&#8243; icon_border_color=&#8221;#ffffff&#8221; icon_hover_color=&#8221;#009933&#8243; icon_hover_background_color=&#8221;#ffffff&#8221; icon_hover_border_color=&#8221;#009933&#8243; title=&#8221;Recerca&#8221; title_size=&#8221;30&#8243; read_more_url=&#8221;http:\/\/www.interxarxes.com\/index.php\/ambits-dactuacio\/&#8221;][\/mk_icon_box2][\/vc_column_inner][\/vc_row_inner][vc_empty_space height=&#8221;70px&#8221;][\/vc_column][\/vc_row][vc_row fullwidth=&#8221;true&#8221; fullwidth_content=&#8221;false&#8221; css=&#8221;.vc_custom_1488050717688{background-color: #e0e0e0 !important;}&#8221;][vc_column][vc_empty_space height=&#8221;70px&#8221;][vc_column_text css=&#8221;.vc_custom_1608653030275{margin-bottom: 0px !important;}&#8221;]\n<h1 style=\"text-align: center;\">&nbsp;\u00daltimes not\u00edcies<\/h1>\n[\/vc_column_text][vc_empty_space height=&#8221;52px&#8221;][mk_blog style=&#8221;newspaper&#8221; column=&#8221;4&#8243; grid_image_height=&#8221;250&#8243; post_count=&#8221;4&#8243; excerpt_length=&#8221;100&#8243; pagination=&#8221;false&#8221; cat=&#8221;7&#8243;][mk_button dimension=&#8221;savvy&#8221; size=&#8221;medium&#8221; url=&#8221;http:\/\/www.interxarxes.com\/index.php\/noticies-2\/&#8221; align=&#8221;center&#8221;]Veure m\u00e9s[\/mk_button][mk_page_section][\/mk_page_section][\/vc_column][\/vc_row][vc_row fullwidth=&#8221;true&#8221;][vc_column][vc_empty_space][vc_column_text css=&#8221;.vc_custom_1610709398790{margin-bottom: 10px !important;}&#8221;]\n<h1 style=\"text-align: center;\"><a style=\"text-decoration: none;\" href=\"http:\/\/www.interxarxes.com\/index.php\/category\/treball-xarxa-covid\/\"><span style=\"color: #333333; text-decoration: none;\">Treball en xarxa durant la COVID-19<\/span><\/a><\/h1>\n[\/vc_column_text][vc_row_inner is_fullwidth_content=&#8221;false&#8221;][vc_column_inner width=&#8221;1\/3&#8243;][vc_single_image image=&#8221;1767&#8243; img_size=&#8221;medium&#8221; alignment=&#8221;center&#8221; style=&#8221;vc_box_shadow&#8221; onclick=&#8221;custom_link&#8221; link=&#8221;http:\/\/www.interxarxes.com\/index.php\/category\/treball-xarxa-covid\/&#8221; css=&#8221;.vc_custom_1608808554327{border-top-width: 1px !important;border-right-width: 1px !important;border-bottom-width: 1px !important;border-left-width: 1px !important;border-left-color: #000000 !important;border-right-color: #000000 !important;border-top-color: #000000 !important;border-bottom-color: #000000 !important;}&#8221;][\/vc_column_inner][vc_column_inner width=&#8221;2\/3&#8243;][vc_empty_space height=&#8221;64px&#8221;][vc_column_text css=&#8221;.vc_custom_1610709459038{margin-bottom: 10px !important;}&#8221;]\n<h2 style=\"text-align: center;\"><a style=\"text-decoration: none;\" href=\"http:\/\/www.interxarxes.com\/index.php\/category\/treball-xarxa-covid\/\"><span style=\"color: #333333; text-decoration: none;\">Recull de publicacions y materials relacionats amb la COVID-19<\/span><\/a><\/h2>\n[\/vc_column_text][\/vc_column_inner][vc_column_inner][\/vc_column_inner][\/vc_row_inner][vc_row_inner][vc_column_inner][vc_separator][vc_empty_space][vc_column_text css=&#8221;.vc_custom_1608653042701{margin-bottom: 0px !important;}&#8221;]\n<h1 style=\"text-align: center;\">Materials destacats<\/h1>\n[\/vc_column_text][mk_gallery images=&#8221;690,692,695,694,693&#8243; custom_links=&#8221;http:\/\/www.interxarxes.com\/index.php\/category\/materials\/experiencia-del-programa\/,http:\/\/www.interxarxes.com\/index.php\/category\/materials\/forums-interxarxes\/,http:\/\/www.interxarxes.com\/index.php\/category\/materials\/butlletins-infoxarxes\/,http:\/\/www.interxarxes.com\/index.php\/category\/materials\/metodologia-de-treball-en-xarxa\/,http:\/\/www.interxarxes.com\/index.php\/category\/materials\/aspectes-legals-i-informes-institucionals\/&#8221; column=&#8221;5&#8243; image_size=&#8221;large&#8221; hover_scenarios=&#8221;slow_zoom&#8221; item_spacing=&#8221;40&#8243; orderby=&#8221;post__in&#8221;][\/vc_column_inner][\/vc_row_inner][vc_empty_space][\/vc_column][\/vc_row][mk_page_section bg_color=&#8221;#e0e0e0&#8243; has_top_shape_divider=&#8221;true&#8221; top_shape_style=&#8221;jagged-top&#8221; top_shape_color=&#8221;#ffffff&#8221; bottom_shape_color=&#8221;#ffffff&#8221; sidebar=&#8221;sidebar-1&#8243;][vc_column][vc_column_text css=&#8221;.vc_custom_1608653055428{margin-bottom: 0px !important;}&#8221;]\n<h1 style=\"text-align: center;\">Participen<\/h1>\n[\/vc_column_text][vc_empty_space][mk_gallery images=&#8221;818,189,660,185,186,184,424,425,661&#8243; custom_links=&#8221;http:\/\/www.interxarxes.com\/index.php\/consell-assessor\/,http:\/\/www.interxarxes.com\/index.php\/consell-assessor\/,http:\/\/www.interxarxes.com\/index.php\/consell-assessor\/,http:\/\/www.interxarxes.com\/index.php\/consell-assessor\/,http:\/\/www.interxarxes.com\/index.php\/consell-assessor\/,http:\/\/www.interxarxes.com\/index.php\/consell-assessor\/,http:\/\/www.interxarxes.com\/index.php\/consell-assessor\/&#8221; column=&#8221;4&#8243; image_size=&#8221;full&#8221; orderby=&#8221;post__in&#8221;][vc_empty_space][\/vc_column][\/mk_page_section][vc_row fullwidth=&#8221;true&#8221; fullwidth_content=&#8221;false&#8221; css=&#8221;.vc_custom_1488469335920{background-color: #006699 !important;}&#8221;][vc_column width=&#8221;2\/3&#8243;][vc_empty_space height=&#8221;70px&#8221;][vc_column_text css=&#8221;.vc_custom_1608653124210{margin-bottom: 0px !important;}&#8221;]\n<h1 style=\"text-align: center;\"><span style=\"color: #ffffff;\">Vols m\u00e9s informaci\u00f3?<\/span><\/h1>\n[\/vc_column_text][vc_empty_space height=&#8221;70px&#8221;][\/vc_column][vc_column width=&#8221;1\/3&#8243;][vc_empty_space height=&#8221;70px&#8221;][mk_button dimension=&#8221;savvy&#8221; size=&#8221;medium&#8221; url=&#8221;http:\/\/www.interxarxes.com\/index.php\/contacte\/&#8221; align=&#8221;center&#8221; outline_skin=&#8221;custom&#8221; outline_active_color=&#8221;#ffffff&#8221; outline_hover_bg_color=&#8221;#ffffff&#8221; outline_hover_color=&#8221;#006699&#8243;]Contacta amb nosaltres[\/mk_button][vc_empty_space][\/vc_column][\/vc_row]\n","protected":false},"excerpt":{"rendered":"<p>[vc_row fullwidth=&#8221;true&#8221; visibility=&#8221;hidden-sm&#8221;][vc_column][mk_layerslider id=&#8221;1&#8243;][\/vc_column][\/vc_row][vc_row fullwidth=&#8221;true&#8221; parallax=&#8221;content-moving&#8221; parallax_image=&#8221;578&#8243; visibility=&#8221;visible-sm&#8221;][vc_column width=&#8221;1\/6&#8243;][\/vc_column][vc_column width=&#8221;2\/3&#8243;][vc_empty_space height=&#8221;102px&#8221;][vc_column_text disable_pattern=&#8221;false&#8221;] Som una xarxa de coordinaci\u00f3 regular i estable entre els diferents serveis del districte d\u2019Horta-Guinard\u00f3 que intervenen amb la poblaci\u00f3 infantil i les seves fam\u00edlies. Participen priorit\u00e0riament els serveis de salut, educaci\u00f3 i atenci\u00f3 social. [\/vc_column_text][mk_button dimension=&#8221;savvy&#8221; size=&#8221;medium&#8221; url=&#8221;http:\/\/www.interxarxes.com\/index.php\/qui-som\/&#8221; align=&#8221;center&#8221;]Qui som?[\/mk_button][vc_empty_space height=&#8221;102px&#8221;][\/vc_column][vc_column width=&#8221;1\/6&#8243;][\/vc_column][\/vc_row][vc_row [&hellip;]<\/p>\n","protected":false},"author":1,"featured_media":0,"parent":0,"menu_order":0,"comment_status":"closed","ping_status":"closed","template":"","meta":[],"_links":{"self":[{"href":"http:\/\/www.interxarxes.com\/index.php\/wp-json\/wp\/v2\/pages\/25"}],"collection":[{"href":"http:\/\/www.interxarxes.com\/index.php\/wp-json\/wp\/v2\/pages"}],"about":[{"href":"http:\/\/www.interxarxes.com\/index.php\/wp-json\/wp\/v2\/types\/page"}],"author":[{"embeddable":true,"href":"http:\/\/www.interxarxes.com\/index.php\/wp-json\/wp\/v2\/users\/1"}],"replies":[{"embeddable":true,"href":"http:\/\/www.interxarxes.com\/index.php\/wp-json\/wp\/v2\/comments?post=25"}],"version-history":[{"count":206,"href":"http:\/\/www.interxarxes.com\/index.php\/wp-json\/wp\/v2\/pages\/25\/revisions"}],"predecessor-version":[{"id":1970,"href":"http:\/\/www.interxarxes.com\/index.php\/wp-json\/wp\/v2\/pages\/25\/revisions\/1970"}],"wp:attachment":[{"href":"http:\/\/www.interxarxes.com\/index.php\/wp-json\/wp\/v2\/media?parent=25"}],"curies":[{"name":"wp","href":"https:\/\/api.w.org\/{rel}","templated":true}]}}